{"id":4822,"date":"2025-10-20T13:48:43","date_gmt":"2025-10-20T11:48:43","guid":{"rendered":"https:\/\/schobermost.at\/?post_type=product&#038;p=4822"},"modified":"2025-11-06T08:50:57","modified_gmt":"2025-11-06T07:50:57","slug":"birnenwein-cuvee","status":"publish","type":"product","link":"https:\/\/schobermost.at\/en\/product\/birnenwein-cuvee\/","title":{"rendered":"Pear wine Cuv\u00e9e"},"content":{"rendered":"<p>Semi-dry cuv\u00e9e made from pears from the M\u00fchlviertel orchards.<br \/>\nTrinktemperatur: 5\u20137 \u00b0C<br \/>\nSpeiseempfehlung: animierender Aperitif, leichte Vorspeisen, Gefl\u00fcgel, Ziegenk\u00e4se, frischen Salaten, leichten Pastagerichten, gegrilltem Gem\u00fcse<\/p>","protected":false},"excerpt":{"rendered":"<p>Delicate white gold in the glass and fruity on the nose. Ripe pear meets delicate notes of lemon peel and a hint of marzipan. On the palate, the wine is fresh and clear, with a fine acidity and hints of orange mint and lemon balm - honest, round and pleasantly drinkable.<\/p>","protected":false},"featured_media":4823,"template":"","meta":[],"product_brand":[],"product_cat":[29],"product_tag":[],"class_list":{"0":"post-4822","1":"product","2":"type-product","3":"status-publish","4":"has-post-thumbnail","5":"product_cat-obstweine","7":"first","8":"instock","9":"taxable","10":"shipping-taxable","11":"purchasable","12":"product-type-simple"},"_links":{"self":[{"href":"https:\/\/schobermost.at\/en\/wp-json\/wp\/v2\/product\/4822","targetHints":{"allow":["GET"]}}],"collection":[{"href":"https:\/\/schobermost.at\/en\/wp-json\/wp\/v2\/product"}],"about":[{"href":"https:\/\/schobermost.at\/en\/wp-json\/wp\/v2\/types\/product"}],"version-history":[{"count":0,"href":"https:\/\/schobermost.at\/en\/wp-json\/wp\/v2\/product\/4822\/revisions"}],"wp:featuredmedia":[{"embeddable":true,"href":"https:\/\/schobermost.at\/en\/wp-json\/wp\/v2\/media\/4823"}],"wp:attachment":[{"href":"https:\/\/schobermost.at\/en\/wp-json\/wp\/v2\/media?parent=4822"}],"wp:term":[{"taxonomy":"product_brand","embeddable":true,"href":"https:\/\/schobermost.at\/en\/wp-json\/wp\/v2\/product_brand?post=4822"},{"taxonomy":"product_cat","embeddable":true,"href":"https:\/\/schobermost.at\/en\/wp-json\/wp\/v2\/product_cat?post=4822"},{"taxonomy":"product_tag","embeddable":true,"href":"https:\/\/schobermost.at\/en\/wp-json\/wp\/v2\/product_tag?post=4822"}],"curies":[{"name":"wp","href":"https:\/\/api.w.org\/{rel}","templated":true}]}}