{"id":4819,"date":"2025-10-20T13:46:04","date_gmt":"2025-10-20T11:46:04","guid":{"rendered":"https:\/\/schobermost.at\/?post_type=product&#038;p=4819"},"modified":"2025-11-06T08:51:08","modified_gmt":"2025-11-06T07:51:08","slug":"apfelwein-cuvee","status":"publish","type":"product","link":"https:\/\/schobermost.at\/en\/product\/apfelwein-cuvee\/","title":{"rendered":"Cider Cuv\u00e9e"},"content":{"rendered":"<p>Semi-dry cuv\u00e9e made from apples from the M\u00fchlviertel orchards.<br \/>\nTrinktemperatur: 5-7 \u00b0C<br \/>\nSpeiseempfehlung: Aperitif, leichte Vorspeisen, Gefl\u00fcgel, mildem Curry, Fisch\/Meeresfr\u00fcchte, asiatisch angehauchte Gerichte<\/p>","protected":false},"excerpt":{"rendered":"<p>White gold in the glass, it seduces the nose with fresh apple notes, slightly exotic with delicate mango aromas. On the palate, it has an elegant, fine acidity that is carried by a sunny, yellow-fruity power - perfectly balanced and light-hearted.<\/p>","protected":false},"featured_media":4820,"template":"","meta":[],"product_brand":[],"product_cat":[29],"product_tag":[],"class_list":{"0":"post-4819","1":"product","2":"type-product","3":"status-publish","4":"has-post-thumbnail","5":"product_cat-obstweine","7":"first","8":"instock","9":"taxable","10":"shipping-taxable","11":"purchasable","12":"product-type-simple"},"_links":{"self":[{"href":"https:\/\/schobermost.at\/en\/wp-json\/wp\/v2\/product\/4819","targetHints":{"allow":["GET"]}}],"collection":[{"href":"https:\/\/schobermost.at\/en\/wp-json\/wp\/v2\/product"}],"about":[{"href":"https:\/\/schobermost.at\/en\/wp-json\/wp\/v2\/types\/product"}],"version-history":[{"count":0,"href":"https:\/\/schobermost.at\/en\/wp-json\/wp\/v2\/product\/4819\/revisions"}],"wp:featuredmedia":[{"embeddable":true,"href":"https:\/\/schobermost.at\/en\/wp-json\/wp\/v2\/media\/4820"}],"wp:attachment":[{"href":"https:\/\/schobermost.at\/en\/wp-json\/wp\/v2\/media?parent=4819"}],"wp:term":[{"taxonomy":"product_brand","embeddable":true,"href":"https:\/\/schobermost.at\/en\/wp-json\/wp\/v2\/product_brand?post=4819"},{"taxonomy":"product_cat","embeddable":true,"href":"https:\/\/schobermost.at\/en\/wp-json\/wp\/v2\/product_cat?post=4819"},{"taxonomy":"product_tag","embeddable":true,"href":"https:\/\/schobermost.at\/en\/wp-json\/wp\/v2\/product_tag?post=4819"}],"curies":[{"name":"wp","href":"https:\/\/api.w.org\/{rel}","templated":true}]}}