{"id":4816,"date":"2025-10-20T13:43:30","date_gmt":"2025-10-20T11:43:30","guid":{"rendered":"https:\/\/schobermost.at\/?post_type=product&#038;p=4816"},"modified":"2025-11-06T08:51:20","modified_gmt":"2025-11-06T07:51:20","slug":"birnen-frizzante","status":"publish","type":"product","link":"https:\/\/schobermost.at\/en\/product\/birnen-frizzante\/","title":{"rendered":"Pear Frizzante"},"content":{"rendered":"<p>Dry pear frizzante made from hand-picked varieties: Landlbirne, Gr\u00fcne Pichlbirne, Williams, Gellerts Butterbirne<br \/>\nTrinktemperatur: 4\u20136 \u00b0C<br \/>\nSpeiseempfehlung: passt perfekt zu Desserts, feinen Geb\u00e4ckst\u00fccken oder K\u00e4seplatten.<\/p>","protected":false},"excerpt":{"rendered":"<p>Fine spiciness is in the foreground, followed by juicy pears with a hint of bitter peel. The sparkling carbonic acid brings everything together nicely - reminiscent of pear cream with a fine cocoa crunch. Soft, balanced and pleasantly drinkable.<\/p>","protected":false},"featured_media":4817,"template":"","meta":[],"product_brand":[],"product_cat":[31],"product_tag":[],"class_list":{"0":"post-4816","1":"product","2":"type-product","3":"status-publish","4":"has-post-thumbnail","5":"product_cat-frizzante","7":"first","8":"instock","9":"taxable","10":"shipping-taxable","11":"purchasable","12":"product-type-simple"},"_links":{"self":[{"href":"https:\/\/schobermost.at\/en\/wp-json\/wp\/v2\/product\/4816","targetHints":{"allow":["GET"]}}],"collection":[{"href":"https:\/\/schobermost.at\/en\/wp-json\/wp\/v2\/product"}],"about":[{"href":"https:\/\/schobermost.at\/en\/wp-json\/wp\/v2\/types\/product"}],"version-history":[{"count":0,"href":"https:\/\/schobermost.at\/en\/wp-json\/wp\/v2\/product\/4816\/revisions"}],"wp:featuredmedia":[{"embeddable":true,"href":"https:\/\/schobermost.at\/en\/wp-json\/wp\/v2\/media\/4817"}],"wp:attachment":[{"href":"https:\/\/schobermost.at\/en\/wp-json\/wp\/v2\/media?parent=4816"}],"wp:term":[{"taxonomy":"product_brand","embeddable":true,"href":"https:\/\/schobermost.at\/en\/wp-json\/wp\/v2\/product_brand?post=4816"},{"taxonomy":"product_cat","embeddable":true,"href":"https:\/\/schobermost.at\/en\/wp-json\/wp\/v2\/product_cat?post=4816"},{"taxonomy":"product_tag","embeddable":true,"href":"https:\/\/schobermost.at\/en\/wp-json\/wp\/v2\/product_tag?post=4816"}],"curies":[{"name":"wp","href":"https:\/\/api.w.org\/{rel}","templated":true}]}}