{"id":4665,"date":"2025-10-16T10:16:01","date_gmt":"2025-10-16T08:16:01","guid":{"rendered":"https:\/\/schobermost.at\/?post_type=product&#038;p=4665"},"modified":"2025-11-06T08:51:41","modified_gmt":"2025-11-06T07:51:41","slug":"apfel-birnenwein-cuvee","status":"publish","type":"product","link":"https:\/\/schobermost.at\/en\/product\/apfel-birnenwein-cuvee\/","title":{"rendered":"Apple and pear cuv\u00e9e"},"content":{"rendered":"<p>Semi-dry cuv\u00e9e made from apples and pears from the M\u00fchlviertel orchards.<br \/>\nTrinktemperatur: 4\u20136 \u00b0C<br \/>\nSpeiseempfehlung: leichte Vorspeisen, Gefl\u00fcgel, milde K\u00e4sesorten, frischen Salaten, Fischgerichten und mediterranen Speisen<\/p>","protected":false},"excerpt":{"rendered":"<p>Light white gold in the glass. Cool pineapple and yellow apple combine on the nose, while juicy pear notes meet spicy apple aromas on the palate. The cool, zesty finish provides freshness and elegance - lively, balanced and simply enjoyable.<\/p>","protected":false},"featured_media":4666,"template":"","meta":[],"product_brand":[],"product_cat":[29],"product_tag":[],"class_list":{"0":"post-4665","1":"product","2":"type-product","3":"status-publish","4":"has-post-thumbnail","5":"product_cat-obstweine","7":"first","8":"instock","9":"taxable","10":"shipping-taxable","11":"purchasable","12":"product-type-simple"},"_links":{"self":[{"href":"https:\/\/schobermost.at\/en\/wp-json\/wp\/v2\/product\/4665","targetHints":{"allow":["GET"]}}],"collection":[{"href":"https:\/\/schobermost.at\/en\/wp-json\/wp\/v2\/product"}],"about":[{"href":"https:\/\/schobermost.at\/en\/wp-json\/wp\/v2\/types\/product"}],"version-history":[{"count":0,"href":"https:\/\/schobermost.at\/en\/wp-json\/wp\/v2\/product\/4665\/revisions"}],"wp:featuredmedia":[{"embeddable":true,"href":"https:\/\/schobermost.at\/en\/wp-json\/wp\/v2\/media\/4666"}],"wp:attachment":[{"href":"https:\/\/schobermost.at\/en\/wp-json\/wp\/v2\/media?parent=4665"}],"wp:term":[{"taxonomy":"product_brand","embeddable":true,"href":"https:\/\/schobermost.at\/en\/wp-json\/wp\/v2\/product_brand?post=4665"},{"taxonomy":"product_cat","embeddable":true,"href":"https:\/\/schobermost.at\/en\/wp-json\/wp\/v2\/product_cat?post=4665"},{"taxonomy":"product_tag","embeddable":true,"href":"https:\/\/schobermost.at\/en\/wp-json\/wp\/v2\/product_tag?post=4665"}],"curies":[{"name":"wp","href":"https:\/\/api.w.org\/{rel}","templated":true}]}}