{"id":4826,"date":"2025-10-20T13:51:32","date_gmt":"2025-10-20T11:51:32","guid":{"rendered":"https:\/\/schobermost.at\/?post_type=product&#038;p=4826"},"modified":"2025-11-06T08:50:45","modified_gmt":"2025-11-06T07:50:45","slug":"birnen-cider","status":"publish","type":"product","link":"http:\/\/schobermost.at\/en\/product\/birnen-cider\/","title":{"rendered":"Pear cider"},"content":{"rendered":"<p>Delicious cider made from pears from the M\u00fchlviertel orchards.<br \/>\nTrinktemperatur: 4\u20136 \u00b0C<br \/>\nSpeiseempfehlung: w\u00fcrzigem K\u00e4se, herzhaften Tarten, s\u00fc\u00df-pikanten Gerichten, Gefl\u00fcgel<\/p>","protected":false},"excerpt":{"rendered":"<p>Radiant pear fruit meets delicate notes of honey and elderflower. The gentle carbon dioxide enhances the aromas, rounded off by a light sweetness. A real treat when well chilled - especially recommended with red smear cheese!<\/p>","protected":false},"featured_media":4827,"template":"","meta":[],"product_brand":[],"product_cat":[30],"product_tag":[],"class_list":{"0":"post-4826","1":"product","2":"type-product","3":"status-publish","4":"has-post-thumbnail","5":"product_cat-cider","7":"first","8":"instock","9":"taxable","10":"shipping-taxable","11":"purchasable","12":"product-type-simple"},"_links":{"self":[{"href":"http:\/\/schobermost.at\/en\/wp-json\/wp\/v2\/product\/4826","targetHints":{"allow":["GET"]}}],"collection":[{"href":"http:\/\/schobermost.at\/en\/wp-json\/wp\/v2\/product"}],"about":[{"href":"http:\/\/schobermost.at\/en\/wp-json\/wp\/v2\/types\/product"}],"version-history":[{"count":0,"href":"http:\/\/schobermost.at\/en\/wp-json\/wp\/v2\/product\/4826\/revisions"}],"wp:featuredmedia":[{"embeddable":true,"href":"http:\/\/schobermost.at\/en\/wp-json\/wp\/v2\/media\/4827"}],"wp:attachment":[{"href":"http:\/\/schobermost.at\/en\/wp-json\/wp\/v2\/media?parent=4826"}],"wp:term":[{"taxonomy":"product_brand","embeddable":true,"href":"http:\/\/schobermost.at\/en\/wp-json\/wp\/v2\/product_brand?post=4826"},{"taxonomy":"product_cat","embeddable":true,"href":"http:\/\/schobermost.at\/en\/wp-json\/wp\/v2\/product_cat?post=4826"},{"taxonomy":"product_tag","embeddable":true,"href":"http:\/\/schobermost.at\/en\/wp-json\/wp\/v2\/product_tag?post=4826"}],"curies":[{"name":"wp","href":"https:\/\/api.w.org\/{rel}","templated":true}]}}